{"id":989980,"date":"2025-05-03T16:36:55","date_gmt":"2025-05-03T16:36:55","guid":{"rendered":"https:\/\/academy.coleebri.com\/?page_id=989980"},"modified":"2025-05-03T16:40:20","modified_gmt":"2025-05-03T16:40:20","slug":"travaux-en-cours","status":"publish","type":"page","link":"https:\/\/academy.coleebri.com\/fr\/travaux-en-cours\/","title":{"rendered":"Mise \u00e0 jour en cours"},"content":{"rendered":"<div data-elementor-type=\"wp-page\" data-elementor-id=\"989980\" class=\"elementor elementor-989980\" data-elementor-post-type=\"page\">\n\t\t\t\t<div class=\"elementor-element elementor-element-6bf00a7 e-flex e-con-boxed e-con e-parent\" data-id=\"6bf00a7\" data-element_type=\"container\" data-e-type=\"container\">\n\t\t\t\t\t<div class=\"e-con-inner\">\n\t\t\t\t<div class=\"elementor-element elementor-element-052cbc5 elementor-widget elementor-widget-heading\" data-id=\"052cbc5\" data-element_type=\"widget\" data-e-type=\"widget\" data-widget_type=\"heading.default\">\n\t\t\t\t<div class=\"elementor-widget-container\">\n\t\t\t\t\t<span class=\"elementor-heading-title elementor-size-default\">Oups...<\/span>\t\t\t\t<\/div>\n\t\t\t\t<\/div>\n\t\t\t\t<div class=\"elementor-element elementor-element-89bc0bc elementor-widget elementor-widget-heading\" data-id=\"89bc0bc\" data-element_type=\"widget\" data-e-type=\"widget\" data-widget_type=\"heading.default\">\n\t\t\t\t<div class=\"elementor-widget-container\">\n\t\t\t\t\t<h1 class=\"elementor-heading-title elementor-size-default\">Oh non..<\/h1>\t\t\t\t<\/div>\n\t\t\t\t<\/div>\n\t\t\t\t<div class=\"elementor-element elementor-element-ec7582c elementor-widget elementor-widget-heading\" data-id=\"ec7582c\" data-element_type=\"widget\" data-e-type=\"widget\" data-widget_type=\"heading.default\">\n\t\t\t\t<div class=\"elementor-widget-container\">\n\t\t\t\t\t<h3 class=\"elementor-heading-title elementor-size-default\">D\u00e9sol\u00e9, cette page est actuellement <br>en cours de mise \u00e0 jour.<br><\/h3>\t\t\t\t<\/div>\n\t\t\t\t<\/div>\n\t\t\t\t<div class=\"elementor-element elementor-element-62c2860 elementor-widget elementor-widget-text-editor\" data-id=\"62c2860\" data-element_type=\"widget\" data-e-type=\"widget\" data-widget_type=\"text-editor.default\">\n\t\t\t\t<div class=\"elementor-widget-container\">\n\t\t\t\t\t\t\t\t\t<p>Nous faisons de notre mieux pour mettre cette page \u00e0 jour au plus vite.\u00a0<\/p><p>Merci pour votre compr\u00e9hension !<\/p>\t\t\t\t\t\t\t\t<\/div>\n\t\t\t\t<\/div>\n\t\t\t\t<div class=\"vamtam-has-theme-widget-styles elementor-element elementor-element-c4293e9 elementor-align-center elementor-widget elementor-widget-button\" data-id=\"c4293e9\" data-element_type=\"widget\" data-e-type=\"widget\" data-widget_type=\"button.default\">\n\t\t\t\t<div class=\"elementor-widget-container\">\n\t\t\t\t\t\t\t\t\t<div class=\"elementor-button-wrapper\">\n\t\t\t\t\t<a class=\"elementor-button elementor-button-link elementor-size-sm\" href=\"https:\/\/academy.coleebri.com\/fr\">\n\t\t\t\t\t\t<span class=\"elementor-button-content-wrapper\">\n\t\t\t\t\t\t\t\t\t<span class=\"elementor-button-text\">Retour \u00e0 l\u2019accueil<\/span>\n\t\t\t\t\t<\/span>\n\t\t\t\t\t<\/a>\n\t\t\t\t<\/div>\n\t\t\t\t\t\t\t\t<\/div>\n\t\t\t\t<\/div>\n\t\t\t\t\t<\/div>\n\t\t\t\t<\/div>\n\t\t\t\t<\/div>","protected":false},"excerpt":{"rendered":"<p>Oops\u2026 Oh no.. Sorry, this page is currently being updated. We&#8217;re doing our best to update this as quickly as possible.\u00a0 Thanks for your understanding! Back to home<\/p>","protected":false},"author":1,"featured_media":0,"parent":0,"menu_order":0,"comment_status":"closed","ping_status":"closed","template":"","meta":{"footnotes":""},"class_list":["post-989980","page","type-page","status-publish","hentry"],"yoast_head":"<!-- This site is optimized with the Yoast SEO Premium plugin v24.9 (Yoast SEO v27.3) - https:\/\/yoast.com\/product\/yoast-seo-premium-wordpress\/ -->\n<title>Work in progess - Coleebri Academy<\/title>\n<meta name=\"robots\" content=\"index, follow, max-snippet:-1, max-image-preview:large, max-video-preview:-1\" \/>\n<link rel=\"canonical\" href=\"https:\/\/academy.coleebri.com\/fr\/travaux-en-cours\/\" \/>\n<meta property=\"og:locale\" content=\"fr_FR\" \/>\n<meta property=\"og:type\" content=\"article\" \/>\n<meta property=\"og:title\" content=\"Work in progess\" \/>\n<meta property=\"og:description\" content=\"Oops\u2026 Oh no.. Sorry, this page is currently being updated. We&#8217;re doing our best to update this as quickly as possible.\u00a0 Thanks for your understanding! Back to home\" \/>\n<meta property=\"og:url\" content=\"https:\/\/academy.coleebri.com\/fr\/travaux-en-cours\/\" \/>\n<meta property=\"og:site_name\" content=\"Coleebri Academy\" \/>\n<meta property=\"article:modified_time\" content=\"2025-05-03T16:40:20+00:00\" \/>\n<meta name=\"twitter:card\" content=\"summary_large_image\" \/>\n<meta name=\"twitter:label1\" content=\"Dur\u00e9e de lecture estim\u00e9e\" \/>\n\t<meta name=\"twitter:data1\" content=\"1 minute\" \/>\n<script type=\"application\/ld+json\" class=\"yoast-schema-graph\">{\"@context\":\"https:\\\/\\\/schema.org\",\"@graph\":[{\"@type\":\"WebPage\",\"@id\":\"https:\\\/\\\/academy.coleebri.com\\\/work-in-progess\\\/\",\"url\":\"https:\\\/\\\/academy.coleebri.com\\\/work-in-progess\\\/\",\"name\":\"Work in progess - Coleebri Academy\",\"isPartOf\":{\"@id\":\"https:\\\/\\\/academy.coleebri.com\\\/#website\"},\"datePublished\":\"2025-05-03T16:36:55+00:00\",\"dateModified\":\"2025-05-03T16:40:20+00:00\",\"breadcrumb\":{\"@id\":\"https:\\\/\\\/academy.coleebri.com\\\/work-in-progess\\\/#breadcrumb\"},\"inLanguage\":\"fr-FR\",\"potentialAction\":[{\"@type\":\"ReadAction\",\"target\":[\"https:\\\/\\\/academy.coleebri.com\\\/work-in-progess\\\/\"]}]},{\"@type\":\"BreadcrumbList\",\"@id\":\"https:\\\/\\\/academy.coleebri.com\\\/work-in-progess\\\/#breadcrumb\",\"itemListElement\":[{\"@type\":\"ListItem\",\"position\":1,\"name\":\"Accueil\",\"item\":\"https:\\\/\\\/academy.coleebri.com\\\/\"},{\"@type\":\"ListItem\",\"position\":2,\"name\":\"Work in progess\"}]},{\"@type\":\"WebSite\",\"@id\":\"https:\\\/\\\/academy.coleebri.com\\\/#website\",\"url\":\"https:\\\/\\\/academy.coleebri.com\\\/\",\"name\":\"Coleebri Academy\",\"description\":\"Empowering potential, shaping tomorrow.\",\"publisher\":{\"@id\":\"https:\\\/\\\/academy.coleebri.com\\\/#organization\"},\"potentialAction\":[{\"@type\":\"SearchAction\",\"target\":{\"@type\":\"EntryPoint\",\"urlTemplate\":\"https:\\\/\\\/academy.coleebri.com\\\/?s={search_term_string}\"},\"query-input\":{\"@type\":\"PropertyValueSpecification\",\"valueRequired\":true,\"valueName\":\"search_term_string\"}}],\"inLanguage\":\"fr-FR\"},{\"@type\":\"Organization\",\"@id\":\"https:\\\/\\\/academy.coleebri.com\\\/#organization\",\"name\":\"Coleebri Academy\",\"url\":\"https:\\\/\\\/academy.coleebri.com\\\/\",\"logo\":{\"@type\":\"ImageObject\",\"inLanguage\":\"fr-FR\",\"@id\":\"https:\\\/\\\/academy.coleebri.com\\\/#\\\/schema\\\/logo\\\/image\\\/\",\"url\":\"https:\\\/\\\/academy.coleebri.com\\\/wp-content\\\/uploads\\\/sites\\\/14\\\/2025\\\/02\\\/Fichier-9@2x.png\",\"contentUrl\":\"https:\\\/\\\/academy.coleebri.com\\\/wp-content\\\/uploads\\\/sites\\\/14\\\/2025\\\/02\\\/Fichier-9@2x.png\",\"width\":1470,\"height\":476,\"caption\":\"Coleebri Academy\"},\"image\":{\"@id\":\"https:\\\/\\\/academy.coleebri.com\\\/#\\\/schema\\\/logo\\\/image\\\/\"}}]}<\/script>\n<!-- \/ Yoast SEO Premium plugin. -->","yoast_head_json":{"title":"Travail en cours - Coleebri Academy","robots":{"index":"index","follow":"follow","max-snippet":"max-snippet:-1","max-image-preview":"max-image-preview:large","max-video-preview":"max-video-preview:-1"},"canonical":"https:\/\/academy.coleebri.com\/fr\/travaux-en-cours\/","og_locale":"fr_FR","og_type":"article","og_title":"Work in progess","og_description":"Oops\u2026 Oh no.. Sorry, this page is currently being updated. We&#8217;re doing our best to update this as quickly as possible.\u00a0 Thanks for your understanding! Back to home","og_url":"https:\/\/academy.coleebri.com\/fr\/travaux-en-cours\/","og_site_name":"Coleebri Academy","article_modified_time":"2025-05-03T16:40:20+00:00","twitter_card":"summary_large_image","twitter_misc":{"Dur\u00e9e de lecture estim\u00e9e":"1 minute"},"schema":{"@context":"https:\/\/schema.org","@graph":[{"@type":"WebPage","@id":"https:\/\/academy.coleebri.com\/work-in-progess\/","url":"https:\/\/academy.coleebri.com\/work-in-progess\/","name":"Travail en cours - Coleebri Academy","isPartOf":{"@id":"https:\/\/academy.coleebri.com\/#website"},"datePublished":"2025-05-03T16:36:55+00:00","dateModified":"2025-05-03T16:40:20+00:00","breadcrumb":{"@id":"https:\/\/academy.coleebri.com\/work-in-progess\/#breadcrumb"},"inLanguage":"fr-FR","potentialAction":[{"@type":"ReadAction","target":["https:\/\/academy.coleebri.com\/work-in-progess\/"]}]},{"@type":"BreadcrumbList","@id":"https:\/\/academy.coleebri.com\/work-in-progess\/#breadcrumb","itemListElement":[{"@type":"ListItem","position":1,"name":"Accueil","item":"https:\/\/academy.coleebri.com\/"},{"@type":"ListItem","position":2,"name":"Work in progess"}]},{"@type":"WebSite","@id":"https:\/\/academy.coleebri.com\/#website","url":"https:\/\/academy.coleebri.com\/","name":"Acad\u00e9mie Coleebri","description":"Renforcer le potentiel, fa\u00e7onner l'avenir.","publisher":{"@id":"https:\/\/academy.coleebri.com\/#organization"},"potentialAction":[{"@type":"SearchAction","target":{"@type":"EntryPoint","urlTemplate":"https:\/\/academy.coleebri.com\/?s={search_term_string}"},"query-input":{"@type":"PropertyValueSpecification","valueRequired":true,"valueName":"search_term_string"}}],"inLanguage":"fr-FR"},{"@type":"Organization","@id":"https:\/\/academy.coleebri.com\/#organization","name":"Acad\u00e9mie Coleebri","url":"https:\/\/academy.coleebri.com\/","logo":{"@type":"ImageObject","inLanguage":"fr-FR","@id":"https:\/\/academy.coleebri.com\/#\/schema\/logo\/image\/","url":"https:\/\/academy.coleebri.com\/wp-content\/uploads\/sites\/14\/2025\/02\/Fichier-9@2x.png","contentUrl":"https:\/\/academy.coleebri.com\/wp-content\/uploads\/sites\/14\/2025\/02\/Fichier-9@2x.png","width":1470,"height":476,"caption":"Coleebri Academy"},"image":{"@id":"https:\/\/academy.coleebri.com\/#\/schema\/logo\/image\/"}}]}},"jetpack_sharing_enabled":true,"_links":{"self":[{"href":"https:\/\/academy.coleebri.com\/fr\/wp-json\/wp\/v2\/pages\/989980","targetHints":{"allow":["GET"]}}],"collection":[{"href":"https:\/\/academy.coleebri.com\/fr\/wp-json\/wp\/v2\/pages"}],"about":[{"href":"https:\/\/academy.coleebri.com\/fr\/wp-json\/wp\/v2\/types\/page"}],"author":[{"embeddable":true,"href":"https:\/\/academy.coleebri.com\/fr\/wp-json\/wp\/v2\/users\/1"}],"replies":[{"embeddable":true,"href":"https:\/\/academy.coleebri.com\/fr\/wp-json\/wp\/v2\/comments?post=989980"}],"version-history":[{"count":7,"href":"https:\/\/academy.coleebri.com\/fr\/wp-json\/wp\/v2\/pages\/989980\/revisions"}],"predecessor-version":[{"id":989987,"href":"https:\/\/academy.coleebri.com\/fr\/wp-json\/wp\/v2\/pages\/989980\/revisions\/989987"}],"wp:attachment":[{"href":"https:\/\/academy.coleebri.com\/fr\/wp-json\/wp\/v2\/media?parent=989980"}],"curies":[{"name":"wp","href":"https:\/\/api.w.org\/{rel}","templated":true}]}}