{"id":989455,"date":"2025-04-26T18:35:27","date_gmt":"2025-04-26T18:35:27","guid":{"rendered":"https:\/\/academy.coleebri.com\/avertissement\/"},"modified":"2025-07-23T20:35:26","modified_gmt":"2025-07-23T20:35:26","slug":"clause-de-non-responsabilite","status":"publish","type":"page","link":"https:\/\/academy.coleebri.com\/fr\/juridique\/clause-de-non-responsabilite\/","title":{"rendered":"Avertissement"},"content":{"rendered":"<div data-elementor-type=\"wp-page\" data-elementor-id=\"989455\" class=\"elementor elementor-989455\" data-elementor-post-type=\"page\">\n\t\t\t\t<div class=\"elementor-element elementor-element-67ed1dd0 e-flex e-con-boxed e-con e-parent\" data-id=\"67ed1dd0\" data-element_type=\"container\" data-e-type=\"container\">\n\t\t\t\t\t<div class=\"e-con-inner\">\n\t\t\t\t<div class=\"elementor-element elementor-element-41fb3182 elementor-widget elementor-widget-shortcode\" data-id=\"41fb3182\" data-element_type=\"widget\" data-e-type=\"widget\" data-widget_type=\"shortcode.default\">\n\t\t\t\t<div class=\"elementor-widget-container\">\n\t\t\t\t\t\t\t<div class=\"elementor-shortcode\">\n<!-- Legal document generated by Complianz | GDPR\/CCPA Cookie Consent https:\/\/wordpress.org\/plugins\/complianz-gdpr -->\n<div id=\"cmplz-document\" class=\"cmplz-document disclaimer cmplz-document-all\"><p>COLEEBRI LIMITED s\u2019engage \u00e0 maintenir ce site web \u00e0 jour en temps et en heure. Si toutefois vous rencontriez un probl\u00e8me ou des donn\u00e9es obsol\u00e8te, nous vous serions reconnaissants de nous le faire savoir. Veuillez indiquer o\u00f9 sur le site web vous lisez les informations incorrectes. Nous examinerons cela d\u00e8s que possible. Veuillez envoyer votre r\u00e9ponse par e-mail \u00e0: &#100;&#112;o&#064;a&#099;ade&#109;&#121;.coleeb&#114;&#105;&#046;com.<\/p><p>Nous ne sommes pas responsables des pertes r\u00e9sultant d'inexactitudes ou de lacunes, ni des pertes r\u00e9sultant de probl\u00e8mes caus\u00e9s par ou inh\u00e9rents \u00e0 la diffusion d'informations par Internet, tels que des perturbations ou des interruptions. Lors de l'utilisation de formulaires Web, nous nous effor\u00e7ons de limiter le nombre de champs obligatoires au minimum. Pour toute perte subie \u00e0 la suite de l'utilisation de donn\u00e9es, de conseils ou d'id\u00e9es fournis par ou au nom de COLEEBRI LIMITED via ce site web, COLEEBRI LIMITED n'assume aucune responsabilit\u00e9.<\/p><p>Les r\u00e9ponses et les demandes de renseignements personnelles soumises par e-mail ou \u00e0 l'aide d'un formulaire web seront trait\u00e9es de la m\u00eame mani\u00e8re que les lettres. Cela signifie que vous pouvez attendre une r\u00e9ponse de notre part dans un d\u00e9lai d'un mois au plus tard. En cas de demandes complexes, nous vous informerons dans un d\u00e9lai d'un mois si nous avons besoin d'un d\u00e9lai maximum de 3 mois.<\/p><p>Toutes les donn\u00e9es personnelles que vous nous fournissez dans le cadre de votre r\u00e9ponse ou de votre demande d'informations ne seront utilis\u00e9es que conform\u00e9ment \u00e0 notre d\u00e9claration de confidentialit\u00e9.<\/p><p>COLEEBRI LIMITED doit faire tous les efforts possibles pour prot\u00e9ger ses syst\u00e8mes contre toute forme d'utilisation illicite. COLEEBRI LIMITED doit mettre en \u0153uvre les mesures techniques et organisationnelles appropri\u00e9es \u00e0 cette fin, en tenant compte, entre autres, de l'\u00e9tat de l'art. Toutefois, il ne saurait \u00eatre tenu pour responsable de quelque pr\u00e9judice que ce soit, direct et\/ou indirect, subi par un utilisateur du site web, r\u00e9sultant de l'utilisation ill\u00e9gale de ses syst\u00e8mes par une tierce partie.<\/p><p>COLEEBRI LIMITED d\u00e9cline toute responsabilit\u00e9 quant au contenu des sites web auxquels ou \u00e0 partir desquels un hyperlien ou une autre r\u00e9f\u00e9rence est faite. Les produits ou services offerts par des tierces parties sont soumis aux termes et conditions applicables de ces tierces parties.<\/p><p>Nos employ\u00e9s s'efforcent de garantir l'accessibilit\u00e9 de notre site web et de l'am\u00e9liorer continuellement. Y compris pour les personnes qui utilisent un logiciel sp\u00e9cial en raison d'un handicap.<\/p><p>Ce site web est donc construit selon les directives WCAG 2.1 niveau AA. Ces lignes directrices sont des accords internationalement reconnus sur l'accessibilit\u00e9, la durabilit\u00e9, l'interchangeabilit\u00e9 et la visibilit\u00e9 des sites web.<\/p><p>Tous les droits de propri\u00e9t\u00e9 intellectuelle sur le contenu de ce site web sont la propri\u00e9t\u00e9 de COLEEBRI LIMITED.<\/p><p>La copie, la diffusion et toute autre utilisation de ces documents sont interdites sans l'autorisation \u00e9crite de COLEEBRI LIMITED , sauf si et dans la mesure o\u00f9 le stipule une r\u00e9glementation imp\u00e9rative (telle que le droit de citer), sauf indication contraire du contenu.<\/p><p>Si vous avez des questions ou des probl\u00e8mes d'accessibilit\u00e9 du site, n'h\u00e9sitez pas \u00e0 nous contacter.<\/p><\/div><\/div>\n\t\t\t\t\t\t<\/div>\n\t\t\t\t<\/div>\n\t\t\t\t\t<\/div>\n\t\t\t\t<\/div>\n\t\t\t\t<\/div>","protected":false},"excerpt":{"rendered":"","protected":false},"author":1,"featured_media":0,"parent":990262,"menu_order":0,"comment_status":"closed","ping_status":"closed","template":"","meta":{"footnotes":""},"class_list":["post-989455","page","type-page","status-publish","hentry"],"yoast_head":"<!-- This site is optimized with the Yoast SEO Premium plugin v24.9 (Yoast SEO v27.3) - https:\/\/yoast.com\/product\/yoast-seo-premium-wordpress\/ -->\n<title>Avertissement - Coleebri Academy<\/title>\n<meta name=\"robots\" content=\"index, follow, max-snippet:-1, max-image-preview:large, max-video-preview:-1\" \/>\n<link rel=\"canonical\" href=\"https:\/\/academy.coleebri.com\/fr\/juridique\/clause-de-non-responsabilite\/\" \/>\n<meta property=\"og:locale\" content=\"fr_FR\" \/>\n<meta property=\"og:type\" content=\"article\" \/>\n<meta property=\"og:title\" content=\"Avertissement\" \/>\n<meta property=\"og:url\" content=\"https:\/\/academy.coleebri.com\/fr\/juridique\/clause-de-non-responsabilite\/\" \/>\n<meta property=\"og:site_name\" content=\"Coleebri Academy\" \/>\n<meta property=\"article:modified_time\" content=\"2025-07-23T20:35:26+00:00\" \/>\n<meta name=\"twitter:card\" content=\"summary_large_image\" \/>\n<meta name=\"twitter:label1\" content=\"Dur\u00e9e de lecture estim\u00e9e\" \/>\n\t<meta name=\"twitter:data1\" content=\"1 minute\" \/>\n<script type=\"application\/ld+json\" class=\"yoast-schema-graph\">{\"@context\":\"https:\\\/\\\/schema.org\",\"@graph\":[{\"@type\":\"WebPage\",\"@id\":\"https:\\\/\\\/academy.coleebri.com\\\/legal\\\/disclaimer\\\/\",\"url\":\"https:\\\/\\\/academy.coleebri.com\\\/legal\\\/disclaimer\\\/\",\"name\":\"Avertissement - Coleebri Academy\",\"isPartOf\":{\"@id\":\"https:\\\/\\\/academy.coleebri.com\\\/#website\"},\"datePublished\":\"2025-04-26T18:35:27+00:00\",\"dateModified\":\"2025-07-23T20:35:26+00:00\",\"breadcrumb\":{\"@id\":\"https:\\\/\\\/academy.coleebri.com\\\/legal\\\/disclaimer\\\/#breadcrumb\"},\"inLanguage\":\"fr-FR\",\"potentialAction\":[{\"@type\":\"ReadAction\",\"target\":[\"https:\\\/\\\/academy.coleebri.com\\\/legal\\\/disclaimer\\\/\"]}]},{\"@type\":\"BreadcrumbList\",\"@id\":\"https:\\\/\\\/academy.coleebri.com\\\/legal\\\/disclaimer\\\/#breadcrumb\",\"itemListElement\":[{\"@type\":\"ListItem\",\"position\":1,\"name\":\"Accueil\",\"item\":\"https:\\\/\\\/academy.coleebri.com\\\/\"},{\"@type\":\"ListItem\",\"position\":2,\"name\":\"Legal\",\"item\":\"https:\\\/\\\/academy.coleebri.com\\\/legal\\\/\"},{\"@type\":\"ListItem\",\"position\":3,\"name\":\"Avertissement\"}]},{\"@type\":\"WebSite\",\"@id\":\"https:\\\/\\\/academy.coleebri.com\\\/#website\",\"url\":\"https:\\\/\\\/academy.coleebri.com\\\/\",\"name\":\"Coleebri Academy\",\"description\":\"Empowering potential, shaping tomorrow.\",\"publisher\":{\"@id\":\"https:\\\/\\\/academy.coleebri.com\\\/#organization\"},\"potentialAction\":[{\"@type\":\"SearchAction\",\"target\":{\"@type\":\"EntryPoint\",\"urlTemplate\":\"https:\\\/\\\/academy.coleebri.com\\\/?s={search_term_string}\"},\"query-input\":{\"@type\":\"PropertyValueSpecification\",\"valueRequired\":true,\"valueName\":\"search_term_string\"}}],\"inLanguage\":\"fr-FR\"},{\"@type\":\"Organization\",\"@id\":\"https:\\\/\\\/academy.coleebri.com\\\/#organization\",\"name\":\"Coleebri Academy\",\"url\":\"https:\\\/\\\/academy.coleebri.com\\\/\",\"logo\":{\"@type\":\"ImageObject\",\"inLanguage\":\"fr-FR\",\"@id\":\"https:\\\/\\\/academy.coleebri.com\\\/#\\\/schema\\\/logo\\\/image\\\/\",\"url\":\"https:\\\/\\\/academy.coleebri.com\\\/wp-content\\\/uploads\\\/sites\\\/14\\\/2025\\\/02\\\/Fichier-9@2x.png\",\"contentUrl\":\"https:\\\/\\\/academy.coleebri.com\\\/wp-content\\\/uploads\\\/sites\\\/14\\\/2025\\\/02\\\/Fichier-9@2x.png\",\"width\":1470,\"height\":476,\"caption\":\"Coleebri Academy\"},\"image\":{\"@id\":\"https:\\\/\\\/academy.coleebri.com\\\/#\\\/schema\\\/logo\\\/image\\\/\"}}]}<\/script>\n<!-- \/ Yoast SEO Premium plugin. -->","yoast_head_json":{"title":"Avertissement - Coleebri Academy","robots":{"index":"index","follow":"follow","max-snippet":"max-snippet:-1","max-image-preview":"max-image-preview:large","max-video-preview":"max-video-preview:-1"},"canonical":"https:\/\/academy.coleebri.com\/fr\/juridique\/clause-de-non-responsabilite\/","og_locale":"fr_FR","og_type":"article","og_title":"Avertissement","og_url":"https:\/\/academy.coleebri.com\/fr\/juridique\/clause-de-non-responsabilite\/","og_site_name":"Coleebri Academy","article_modified_time":"2025-07-23T20:35:26+00:00","twitter_card":"summary_large_image","twitter_misc":{"Dur\u00e9e de lecture estim\u00e9e":"1 minute"},"schema":{"@context":"https:\/\/schema.org","@graph":[{"@type":"WebPage","@id":"https:\/\/academy.coleebri.com\/legal\/disclaimer\/","url":"https:\/\/academy.coleebri.com\/legal\/disclaimer\/","name":"Avertissement - Coleebri Academy","isPartOf":{"@id":"https:\/\/academy.coleebri.com\/#website"},"datePublished":"2025-04-26T18:35:27+00:00","dateModified":"2025-07-23T20:35:26+00:00","breadcrumb":{"@id":"https:\/\/academy.coleebri.com\/legal\/disclaimer\/#breadcrumb"},"inLanguage":"fr-FR","potentialAction":[{"@type":"ReadAction","target":["https:\/\/academy.coleebri.com\/legal\/disclaimer\/"]}]},{"@type":"BreadcrumbList","@id":"https:\/\/academy.coleebri.com\/legal\/disclaimer\/#breadcrumb","itemListElement":[{"@type":"ListItem","position":1,"name":"Accueil","item":"https:\/\/academy.coleebri.com\/"},{"@type":"ListItem","position":2,"name":"Legal","item":"https:\/\/academy.coleebri.com\/legal\/"},{"@type":"ListItem","position":3,"name":"Avertissement"}]},{"@type":"WebSite","@id":"https:\/\/academy.coleebri.com\/#website","url":"https:\/\/academy.coleebri.com\/","name":"Acad\u00e9mie Coleebri","description":"Renforcer le potentiel, fa\u00e7onner l'avenir.","publisher":{"@id":"https:\/\/academy.coleebri.com\/#organization"},"potentialAction":[{"@type":"SearchAction","target":{"@type":"EntryPoint","urlTemplate":"https:\/\/academy.coleebri.com\/?s={search_term_string}"},"query-input":{"@type":"PropertyValueSpecification","valueRequired":true,"valueName":"search_term_string"}}],"inLanguage":"fr-FR"},{"@type":"Organization","@id":"https:\/\/academy.coleebri.com\/#organization","name":"Acad\u00e9mie Coleebri","url":"https:\/\/academy.coleebri.com\/","logo":{"@type":"ImageObject","inLanguage":"fr-FR","@id":"https:\/\/academy.coleebri.com\/#\/schema\/logo\/image\/","url":"https:\/\/academy.coleebri.com\/wp-content\/uploads\/sites\/14\/2025\/02\/Fichier-9@2x.png","contentUrl":"https:\/\/academy.coleebri.com\/wp-content\/uploads\/sites\/14\/2025\/02\/Fichier-9@2x.png","width":1470,"height":476,"caption":"Coleebri Academy"},"image":{"@id":"https:\/\/academy.coleebri.com\/#\/schema\/logo\/image\/"}}]}},"jetpack_sharing_enabled":true,"_links":{"self":[{"href":"https:\/\/academy.coleebri.com\/fr\/wp-json\/wp\/v2\/pages\/989455","targetHints":{"allow":["GET"]}}],"collection":[{"href":"https:\/\/academy.coleebri.com\/fr\/wp-json\/wp\/v2\/pages"}],"about":[{"href":"https:\/\/academy.coleebri.com\/fr\/wp-json\/wp\/v2\/types\/page"}],"author":[{"embeddable":true,"href":"https:\/\/academy.coleebri.com\/fr\/wp-json\/wp\/v2\/users\/1"}],"replies":[{"embeddable":true,"href":"https:\/\/academy.coleebri.com\/fr\/wp-json\/wp\/v2\/comments?post=989455"}],"version-history":[{"count":5,"href":"https:\/\/academy.coleebri.com\/fr\/wp-json\/wp\/v2\/pages\/989455\/revisions"}],"predecessor-version":[{"id":990991,"href":"https:\/\/academy.coleebri.com\/fr\/wp-json\/wp\/v2\/pages\/989455\/revisions\/990991"}],"up":[{"embeddable":true,"href":"https:\/\/academy.coleebri.com\/fr\/wp-json\/wp\/v2\/pages\/990262"}],"wp:attachment":[{"href":"https:\/\/academy.coleebri.com\/fr\/wp-json\/wp\/v2\/media?parent=989455"}],"curies":[{"name":"wp","href":"https:\/\/api.w.org\/{rel}","templated":true}]}}