{"id":989454,"date":"2025-04-26T18:35:26","date_gmt":"2025-04-26T18:35:26","guid":{"rendered":"https:\/\/academy.coleebri.com\/imprint\/"},"modified":"2025-05-03T15:33:39","modified_gmt":"2025-05-03T15:33:39","slug":"impression","status":"publish","type":"page","link":"https:\/\/academy.coleebri.com\/fr\/impression\/","title":{"rendered":"Impression"},"content":{"rendered":"<div data-elementor-type=\"wp-page\" data-elementor-id=\"989454\" class=\"elementor elementor-989454\" data-elementor-post-type=\"page\">\n\t\t\t\t<div class=\"elementor-element elementor-element-14846ab1 e-flex e-con-boxed e-con e-parent\" data-id=\"14846ab1\" data-element_type=\"container\" data-e-type=\"container\">\n\t\t\t\t\t<div class=\"e-con-inner\">\n\t\t\t\t<div class=\"elementor-element elementor-element-1a0d71dd elementor-widget elementor-widget-shortcode\" data-id=\"1a0d71dd\" data-element_type=\"widget\" data-e-type=\"widget\" data-widget_type=\"shortcode.default\">\n\t\t\t\t<div class=\"elementor-widget-container\">\n\t\t\t\t\t\t\t<div class=\"elementor-shortcode\">\n<!-- Legal document generated by Complianz | GDPR\/CCPA Cookie Consent https:\/\/wordpress.org\/plugins\/complianz-gdpr -->\n<div id=\"cmplz-document\" class=\"cmplz-document impressum cmplz-document-all\"><p><i>Cette imprint a \u00e9t\u00e9 mise \u00e0 jour pour la derni\u00e8re fois le mai 4, 2025.<\/i><\/p><p class=\"cmplz-subtitle\">Le propri\u00e9taire de ce site web est :<\/p><p>COLEEBRI LIMITED Limited<br>7 Bell Yard<br \/>\nLondres<br \/>\nGrand Londres<br \/>\nWC2A 2JR<br \/>\nAngleterre<br>Royaume-Uni<br>E-mail\u00a0:&nbsp;&#099;on&#116;act&#064;&#097;cadem&#121;&#046;&#099;&#111;l&#101;e&#098;r&#105;.com<br>Num\u00e9ro de t\u00e9l\u00e9phone : 0033972399855<br><\/p><p class=\"cmplz-subtitle\">Le(s) repr\u00e9sentant(s) l\u00e9gal(aux) de COLEEBRI LIMITED Limited :<\/p><p>Guillaume GUAL<\/p><h2>1. G\u00e9n\u00e9ral<\/h2><p class=\"cmplz-subtitle\">1.1 Nous sommes enregistr\u00e9s chez Companies House sous le num\u00e9ro de licence ou d'enregistrement :<\/p><p>15681511<\/p><p class=\"cmplz-subtitle\">1.2 Le nom de notre autorit\u00e9 de surveillance est :<\/p><p>Coleebri Limited<\/p><p>Nous sommes dispos\u00e9s ou oblig\u00e9s de participer \u00e0 des proc\u00e9dures de r\u00e8glement des litiges devant une commission d'arbitrage des consommateurs.<\/p><h2>2. Information compl\u00e9mentaire<\/h2><p>Coleebri exploite plusieurs divisions sous la marque COLEEBRI, notamment Coleebri Academy, Digital, People, Consulting et Healthcare. La responsabilit\u00e9 juridique incombe \u00e0 l'entit\u00e9 qui fournit le service et \u00e9met la facture.<\/p><\/div><\/div>\n\t\t\t\t\t\t<\/div>\n\t\t\t\t<\/div>\n\t\t\t\t\t<\/div>\n\t\t\t\t<\/div>\n\t\t\t\t<\/div>","protected":false},"excerpt":{"rendered":"","protected":false},"author":1,"featured_media":0,"parent":0,"menu_order":0,"comment_status":"closed","ping_status":"closed","template":"","meta":{"footnotes":""},"class_list":["post-989454","page","type-page","status-publish","hentry"],"yoast_head":"<!-- This site is optimized with the Yoast SEO Premium plugin v24.9 (Yoast SEO v27.3) - https:\/\/yoast.com\/product\/yoast-seo-premium-wordpress\/ -->\n<title>Imprint - Coleebri Academy<\/title>\n<meta name=\"robots\" content=\"index, follow, max-snippet:-1, max-image-preview:large, max-video-preview:-1\" \/>\n<link rel=\"canonical\" href=\"https:\/\/academy.coleebri.com\/fr\/impression\/\" \/>\n<meta property=\"og:locale\" content=\"fr_FR\" \/>\n<meta property=\"og:type\" content=\"article\" \/>\n<meta property=\"og:title\" content=\"Imprint\" \/>\n<meta property=\"og:url\" content=\"https:\/\/academy.coleebri.com\/fr\/impression\/\" \/>\n<meta property=\"og:site_name\" content=\"Coleebri Academy\" \/>\n<meta property=\"article:modified_time\" content=\"2025-05-03T15:33:39+00:00\" \/>\n<meta name=\"twitter:card\" content=\"summary_large_image\" \/>\n<script type=\"application\/ld+json\" class=\"yoast-schema-graph\">{\"@context\":\"https:\\\/\\\/schema.org\",\"@graph\":[{\"@type\":\"WebPage\",\"@id\":\"https:\\\/\\\/academy.coleebri.com\\\/en\\\/imprint\\\/\",\"url\":\"https:\\\/\\\/academy.coleebri.com\\\/en\\\/imprint\\\/\",\"name\":\"Imprint - Coleebri Academy\",\"isPartOf\":{\"@id\":\"https:\\\/\\\/academy.coleebri.com\\\/#website\"},\"datePublished\":\"2025-04-26T18:35:26+00:00\",\"dateModified\":\"2025-05-03T15:33:39+00:00\",\"breadcrumb\":{\"@id\":\"https:\\\/\\\/academy.coleebri.com\\\/en\\\/imprint\\\/#breadcrumb\"},\"inLanguage\":\"fr-FR\",\"potentialAction\":[{\"@type\":\"ReadAction\",\"target\":[\"https:\\\/\\\/academy.coleebri.com\\\/en\\\/imprint\\\/\"]}]},{\"@type\":\"BreadcrumbList\",\"@id\":\"https:\\\/\\\/academy.coleebri.com\\\/en\\\/imprint\\\/#breadcrumb\",\"itemListElement\":[{\"@type\":\"ListItem\",\"position\":1,\"name\":\"Accueil\",\"item\":\"https:\\\/\\\/academy.coleebri.com\\\/\"},{\"@type\":\"ListItem\",\"position\":2,\"name\":\"Imprint\"}]},{\"@type\":\"WebSite\",\"@id\":\"https:\\\/\\\/academy.coleebri.com\\\/#website\",\"url\":\"https:\\\/\\\/academy.coleebri.com\\\/\",\"name\":\"Coleebri Academy\",\"description\":\"Empowering potential, shaping tomorrow.\",\"publisher\":{\"@id\":\"https:\\\/\\\/academy.coleebri.com\\\/#organization\"},\"potentialAction\":[{\"@type\":\"SearchAction\",\"target\":{\"@type\":\"EntryPoint\",\"urlTemplate\":\"https:\\\/\\\/academy.coleebri.com\\\/?s={search_term_string}\"},\"query-input\":{\"@type\":\"PropertyValueSpecification\",\"valueRequired\":true,\"valueName\":\"search_term_string\"}}],\"inLanguage\":\"fr-FR\"},{\"@type\":\"Organization\",\"@id\":\"https:\\\/\\\/academy.coleebri.com\\\/#organization\",\"name\":\"Coleebri Academy\",\"url\":\"https:\\\/\\\/academy.coleebri.com\\\/\",\"logo\":{\"@type\":\"ImageObject\",\"inLanguage\":\"fr-FR\",\"@id\":\"https:\\\/\\\/academy.coleebri.com\\\/#\\\/schema\\\/logo\\\/image\\\/\",\"url\":\"https:\\\/\\\/academy.coleebri.com\\\/wp-content\\\/uploads\\\/sites\\\/14\\\/2025\\\/02\\\/Fichier-9@2x.png\",\"contentUrl\":\"https:\\\/\\\/academy.coleebri.com\\\/wp-content\\\/uploads\\\/sites\\\/14\\\/2025\\\/02\\\/Fichier-9@2x.png\",\"width\":1470,\"height\":476,\"caption\":\"Coleebri Academy\"},\"image\":{\"@id\":\"https:\\\/\\\/academy.coleebri.com\\\/#\\\/schema\\\/logo\\\/image\\\/\"}}]}<\/script>\n<!-- \/ Yoast SEO Premium plugin. -->","yoast_head_json":{"title":"Mentions l\u00e9gales - Coleebri Academy","robots":{"index":"index","follow":"follow","max-snippet":"max-snippet:-1","max-image-preview":"max-image-preview:large","max-video-preview":"max-video-preview:-1"},"canonical":"https:\/\/academy.coleebri.com\/fr\/impression\/","og_locale":"fr_FR","og_type":"article","og_title":"Imprint","og_url":"https:\/\/academy.coleebri.com\/fr\/impression\/","og_site_name":"Coleebri Academy","article_modified_time":"2025-05-03T15:33:39+00:00","twitter_card":"summary_large_image","schema":{"@context":"https:\/\/schema.org","@graph":[{"@type":"WebPage","@id":"https:\/\/academy.coleebri.com\/en\/imprint\/","url":"https:\/\/academy.coleebri.com\/en\/imprint\/","name":"Mentions l\u00e9gales - Coleebri Academy","isPartOf":{"@id":"https:\/\/academy.coleebri.com\/#website"},"datePublished":"2025-04-26T18:35:26+00:00","dateModified":"2025-05-03T15:33:39+00:00","breadcrumb":{"@id":"https:\/\/academy.coleebri.com\/en\/imprint\/#breadcrumb"},"inLanguage":"fr-FR","potentialAction":[{"@type":"ReadAction","target":["https:\/\/academy.coleebri.com\/en\/imprint\/"]}]},{"@type":"BreadcrumbList","@id":"https:\/\/academy.coleebri.com\/en\/imprint\/#breadcrumb","itemListElement":[{"@type":"ListItem","position":1,"name":"Accueil","item":"https:\/\/academy.coleebri.com\/"},{"@type":"ListItem","position":2,"name":"Imprint"}]},{"@type":"WebSite","@id":"https:\/\/academy.coleebri.com\/#website","url":"https:\/\/academy.coleebri.com\/","name":"Acad\u00e9mie Coleebri","description":"Renforcer le potentiel, fa\u00e7onner l'avenir.","publisher":{"@id":"https:\/\/academy.coleebri.com\/#organization"},"potentialAction":[{"@type":"SearchAction","target":{"@type":"EntryPoint","urlTemplate":"https:\/\/academy.coleebri.com\/?s={search_term_string}"},"query-input":{"@type":"PropertyValueSpecification","valueRequired":true,"valueName":"search_term_string"}}],"inLanguage":"fr-FR"},{"@type":"Organization","@id":"https:\/\/academy.coleebri.com\/#organization","name":"Acad\u00e9mie Coleebri","url":"https:\/\/academy.coleebri.com\/","logo":{"@type":"ImageObject","inLanguage":"fr-FR","@id":"https:\/\/academy.coleebri.com\/#\/schema\/logo\/image\/","url":"https:\/\/academy.coleebri.com\/wp-content\/uploads\/sites\/14\/2025\/02\/Fichier-9@2x.png","contentUrl":"https:\/\/academy.coleebri.com\/wp-content\/uploads\/sites\/14\/2025\/02\/Fichier-9@2x.png","width":1470,"height":476,"caption":"Coleebri Academy"},"image":{"@id":"https:\/\/academy.coleebri.com\/#\/schema\/logo\/image\/"}}]}},"jetpack_sharing_enabled":true,"_links":{"self":[{"href":"https:\/\/academy.coleebri.com\/fr\/wp-json\/wp\/v2\/pages\/989454","targetHints":{"allow":["GET"]}}],"collection":[{"href":"https:\/\/academy.coleebri.com\/fr\/wp-json\/wp\/v2\/pages"}],"about":[{"href":"https:\/\/academy.coleebri.com\/fr\/wp-json\/wp\/v2\/types\/page"}],"author":[{"embeddable":true,"href":"https:\/\/academy.coleebri.com\/fr\/wp-json\/wp\/v2\/users\/1"}],"replies":[{"embeddable":true,"href":"https:\/\/academy.coleebri.com\/fr\/wp-json\/wp\/v2\/comments?post=989454"}],"version-history":[{"count":4,"href":"https:\/\/academy.coleebri.com\/fr\/wp-json\/wp\/v2\/pages\/989454\/revisions"}],"predecessor-version":[{"id":989895,"href":"https:\/\/academy.coleebri.com\/fr\/wp-json\/wp\/v2\/pages\/989454\/revisions\/989895"}],"wp:attachment":[{"href":"https:\/\/academy.coleebri.com\/fr\/wp-json\/wp\/v2\/media?parent=989454"}],"curies":[{"name":"wp","href":"https:\/\/api.w.org\/{rel}","templated":true}]}}